{"id":163,"date":"2022-06-15T08:54:58","date_gmt":"2022-06-15T06:54:58","guid":{"rendered":"http:\/\/dev.senioractiv.net\/sa2921\/?page_id=163"},"modified":"2022-11-14T15:06:58","modified_gmt":"2022-11-14T14:06:58","slug":"le-projet","status":"publish","type":"page","link":"https:\/\/www.senioractiv.net\/fr\/le-projet\/","title":{"rendered":"Le Projet"},"content":{"rendered":"\t\t<div data-elementor-type=\"wp-page\" data-elementor-id=\"163\" class=\"elementor elementor-163\" data-elementor-post-type=\"page\">\n\t\t\t\t\t\t<section class=\"elementor-section elementor-top-section elementor-element elementor-element-b4450a1 elementor-section-height-min-height elementor-section-content-middle elementor-section-boxed elementor-section-height-default elementor-section-items-middle\" data-id=\"b4450a1\" data-element_type=\"section\" data-e-type=\"section\" data-settings=\"{&quot;background_background&quot;:&quot;classic&quot;}\">\n\t\t\t\t\t\t\t<div class=\"elementor-background-overlay\"><\/div>\n\t\t\t\t\t\t\t<div class=\"elementor-container elementor-column-gap-default\">\n\t\t\t\t\t<div class=\"elementor-column elementor-col-100 elementor-top-column elementor-element elementor-element-68bd877\" data-id=\"68bd877\" data-element_type=\"column\" data-e-type=\"column\">\n\t\t\t<div class=\"elementor-widget-wrap elementor-element-populated\">\n\t\t\t\t\t\t<div class=\"elementor-element elementor-element-e95eafd elementor-widget elementor-widget-heading\" data-id=\"e95eafd\" data-element_type=\"widget\" data-e-type=\"widget\" data-widget_type=\"heading.default\">\n\t\t\t\t<div class=\"elementor-widget-container\">\n\t\t\t\t\t<h1 class=\"elementor-heading-title elementor-size-default\">Le projet Senior Activ'\u200b<\/h1>\t\t\t\t<\/div>\n\t\t\t\t<\/div>\n\t\t\t\t\t<\/div>\n\t\t<\/div>\n\t\t\t\t\t<\/div>\n\t\t<\/section>\n\t\t\t\t<section class=\"elementor-section elementor-top-section elementor-element elementor-element-347d0a6 elementor-section-boxed elementor-section-height-default elementor-section-height-default\" data-id=\"347d0a6\" data-element_type=\"section\" data-e-type=\"section\">\n\t\t\t\t\t\t<div class=\"elementor-container elementor-column-gap-default\">\n\t\t\t\t\t<div class=\"elementor-column elementor-col-100 elementor-top-column elementor-element elementor-element-0cc238a\" data-id=\"0cc238a\" data-element_type=\"column\" data-e-type=\"column\">\n\t\t\t<div class=\"elementor-widget-wrap elementor-element-populated\">\n\t\t\t\t\t\t<div class=\"elementor-element elementor-element-cf6a799 elementor-widget elementor-widget-heading\" data-id=\"cf6a799\" data-element_type=\"widget\" data-e-type=\"widget\" data-widget_type=\"heading.default\">\n\t\t\t\t<div class=\"elementor-widget-container\">\n\t\t\t\t\t<h2 class=\"elementor-heading-title elementor-size-default\">Un partenariat europ\u00e9en : laboratoire et observatoire du bien-vieillir des seniors<\/h2>\t\t\t\t<\/div>\n\t\t\t\t<\/div>\n\t\t\t\t\t<\/div>\n\t\t<\/div>\n\t\t\t\t\t<\/div>\n\t\t<\/section>\n\t\t\t\t<section class=\"elementor-section elementor-top-section elementor-element elementor-element-ea2045f elementor-section-boxed elementor-section-height-default elementor-section-height-default\" data-id=\"ea2045f\" data-element_type=\"section\" data-e-type=\"section\">\n\t\t\t\t\t\t<div class=\"elementor-container elementor-column-gap-default\">\n\t\t\t\t\t<div class=\"elementor-column elementor-col-50 elementor-top-column elementor-element elementor-element-f9cc57d\" data-id=\"f9cc57d\" data-element_type=\"column\" data-e-type=\"column\">\n\t\t\t<div class=\"elementor-widget-wrap elementor-element-populated\">\n\t\t\t\t\t\t<div class=\"elementor-element elementor-element-056d092 elementor-widget elementor-widget-text-editor\" data-id=\"056d092\" data-element_type=\"widget\" data-e-type=\"widget\" data-widget_type=\"text-editor.default\">\n\t\t\t\t<div class=\"elementor-widget-container\">\n\t\t\t\t\t\t\t\t\t<div class=\"elementor-element elementor-element-d7cdcd1 elementor-widget elementor-widget-text-editor\" data-id=\"d7cdcd1\" data-element_type=\"widget\" data-widget_type=\"text-editor.default\"><div class=\"elementor-widget-container\"><div class=\"elementor-text-editor elementor-clearfix\"><p>Le projet Senior Activ\u2019 repose sur un <b>partenariat compos\u00e9 de 21\u00a0<a role=\"link\" href=\"https:\/\/www.senioractiv.eu\/les-partenaires\/\">partenaires du domaine de la pr\u00e9vention de la perte d\u2019autonomie<\/a><\/b>, r\u00e9partis sur le territoire de la Grande R\u00e9gion (<b><i>Lorraine, Sarre et Rh\u00e9nanie-Palatinat, Wallonie et Grand-Duch\u00e9 de Luxembourg<\/i><\/b>).<\/p><p>Lanc\u00e9 en octobre 2018, le projet s\u2019affiche comme un <b>laboratoire d\u2019exp\u00e9rimentations<\/b> visant in fine \u00e0 <b>retarder la perte d\u2019autonomie et \u00e0 permettre de bien vieillir \u00e0 son domicile<\/b>. Il s\u2019ach\u00e8vera en d\u00e9cembre 2022 en ayant \u0153uvr\u00e9 de mani\u00e8re pr\u00e9ventive \u00e0 l\u2019\u00e9gard des personnes \u00e2g\u00e9es dans plusieurs domaines (<b><i>l\u2019\u00e9quipement du logement afin d\u2019emp\u00eacher toute chute, le rep\u00e9rage de l\u2019isolement et la promotion du lien social, la diffusion d\u2019une image positive du vieillissement au sein de la soci\u00e9t\u00e9 et enfin l\u2019encadrement professionnel de tout type de parcours de vie<\/i><\/b>).<\/p><p>Les personnes concern\u00e9es par Senior Activ\u2019 ne se r\u00e9sument pas aux seuls <b>seniors autonomes<\/b>, il souhaite \u00e9galement toucher les <b>personnes \u00e2g\u00e9es<\/b> montrant des signes de fragilit\u00e9 au quotidien, leurs aidants et les professionnels du secteur de la d\u00e9pendance.<\/p><p>Afin d\u2019oser exp\u00e9rimenter avec succ\u00e8s, les partenaires ont d\u00e9cid\u00e9 en premier lieu de construire un <b>observatoire du bien-vieillir \u00e0 l\u2019\u00e9chelle de la Grande R\u00e9gion<\/b> afin de mieux comprendre les dynamiques d\u00e9mographiques en cours et \u00e0 venir, les mod\u00e8les de sant\u00e9 et de protection sociale des diff\u00e9rents versants, ainsi que le d\u00e9veloppement de la <b>Silver Economie<\/b> sur les diff\u00e9rents secteurs (<i>sant\u00e9, s\u00e9curit\u00e9, habitat, services et mobilit\u00e9<\/i>).<\/p><p>Puis, ils mettront sur pied un <b>Lab\u2019 d\u2019Innovation Publique pour exp\u00e9rimenter<\/b> \u00e0 travers 4 voies\u00a0:<br \/>\u2022 l\u2019appropriation d\u2019outils num\u00e9riques par les seniors pour r\u00e9pondre \u00e0 leurs besoins en termes de services,<br \/>\u2022 le d\u00e9ploiement de logements \u00e9volutifs et adaptables<br \/>\u2022 l\u2019implication citoyenne et sociale des seniors dans la soci\u00e9t\u00e9<br \/>\u2022 la cr\u00e9ation d\u2019outils pr\u00e9ventifs favorisant le maintien de l\u2019autonomie.<\/p><p>Ce Lab\u2019 sera anim\u00e9 par une e-communaut\u00e9 transfrontali\u00e8re, qui permettra la <b>cr\u00e9ation d\u2019un r\u00e9seau durable des professionnels<\/b> de cet \u00e9cosyst\u00e8me.<\/p><\/div><\/div><\/div>\t\t\t\t\t\t\t\t<\/div>\n\t\t\t\t<\/div>\n\t\t\t\t\t<\/div>\n\t\t<\/div>\n\t\t\t\t<div class=\"elementor-column elementor-col-50 elementor-top-column elementor-element elementor-element-74d7344\" data-id=\"74d7344\" data-element_type=\"column\" data-e-type=\"column\">\n\t\t\t<div class=\"elementor-widget-wrap elementor-element-populated\">\n\t\t\t\t\t\t<div class=\"elementor-element elementor-element-e2ab81e elementor-widget elementor-widget-image\" data-id=\"e2ab81e\" data-element_type=\"widget\" data-e-type=\"widget\" data-widget_type=\"image.default\">\n\t\t\t\t<div class=\"elementor-widget-container\">\n\t\t\t\t\t\t\t\t\t\t\t\t\t\t\t<img fetchpriority=\"high\" decoding=\"async\" width=\"640\" height=\"426\" src=\"https:\/\/www.senioractiv.net\/wp-content\/uploads\/2022\/09\/indoor-shot-of-fashionable-senior-woman-embraces-little-child-enjoy-spending-time-together-1024x682.jpg\" class=\"attachment-large size-large wp-image-855\" alt=\"\" srcset=\"https:\/\/www.senioractiv.net\/wp-content\/uploads\/2022\/09\/indoor-shot-of-fashionable-senior-woman-embraces-little-child-enjoy-spending-time-together-1024x682.jpg 1024w, https:\/\/www.senioractiv.net\/wp-content\/uploads\/2022\/09\/indoor-shot-of-fashionable-senior-woman-embraces-little-child-enjoy-spending-time-together-300x200.jpg 300w, https:\/\/www.senioractiv.net\/wp-content\/uploads\/2022\/09\/indoor-shot-of-fashionable-senior-woman-embraces-little-child-enjoy-spending-time-together-768x512.jpg 768w, https:\/\/www.senioractiv.net\/wp-content\/uploads\/2022\/09\/indoor-shot-of-fashionable-senior-woman-embraces-little-child-enjoy-spending-time-together-1536x1024.jpg 1536w, https:\/\/www.senioractiv.net\/wp-content\/uploads\/2022\/09\/indoor-shot-of-fashionable-senior-woman-embraces-little-child-enjoy-spending-time-together-624x416.jpg 624w, https:\/\/www.senioractiv.net\/wp-content\/uploads\/2022\/09\/indoor-shot-of-fashionable-senior-woman-embraces-little-child-enjoy-spending-time-together.jpg 2000w\" sizes=\"(max-width: 640px) 100vw, 640px\" \/>\t\t\t\t\t\t\t\t\t\t\t\t\t\t\t<\/div>\n\t\t\t\t<\/div>\n\t\t\t\t\t<\/div>\n\t\t<\/div>\n\t\t\t\t\t<\/div>\n\t\t<\/section>\n\t\t\t\t<section class=\"elementor-section elementor-top-section elementor-element elementor-element-930104e elementor-section-boxed elementor-section-height-default elementor-section-height-default\" data-id=\"930104e\" data-element_type=\"section\" data-e-type=\"section\" data-settings=\"{&quot;background_background&quot;:&quot;classic&quot;}\">\n\t\t\t\t\t\t\t<div class=\"elementor-background-overlay\"><\/div>\n\t\t\t\t\t\t\t<div class=\"elementor-container elementor-column-gap-default\">\n\t\t\t\t\t<div class=\"elementor-column elementor-col-100 elementor-top-column elementor-element elementor-element-de2f082\" data-id=\"de2f082\" data-element_type=\"column\" data-e-type=\"column\">\n\t\t\t<div class=\"elementor-widget-wrap elementor-element-populated\">\n\t\t\t\t\t\t<div class=\"elementor-element elementor-element-dac8a5a elementor-align-center elementor-widget elementor-widget-button\" data-id=\"dac8a5a\" data-element_type=\"widget\" data-e-type=\"widget\" data-widget_type=\"button.default\">\n\t\t\t\t<div class=\"elementor-widget-container\">\n\t\t\t\t\t\t\t\t\t<div class=\"elementor-button-wrapper\">\n\t\t\t\t\t<a class=\"elementor-button elementor-button-link elementor-size-xl\" href=\"https:\/\/www.senioractiv.eu\">\n\t\t\t\t\t\t<span class=\"elementor-button-content-wrapper\">\n\t\t\t\t\t\t\t\t\t<span class=\"elementor-button-text\">D\u00e9couvrez-en plus sur le projet Senior Activ'<\/span>\n\t\t\t\t\t<\/span>\n\t\t\t\t\t<\/a>\n\t\t\t\t<\/div>\n\t\t\t\t\t\t\t\t<\/div>\n\t\t\t\t<\/div>\n\t\t\t\t\t<\/div>\n\t\t<\/div>\n\t\t\t\t\t<\/div>\n\t\t<\/section>\n\t\t\t\t<section class=\"elementor-section elementor-top-section elementor-element elementor-element-cb8e0d0 elementor-section-boxed elementor-section-height-default elementor-section-height-default\" data-id=\"cb8e0d0\" data-element_type=\"section\" data-e-type=\"section\">\n\t\t\t\t\t\t<div class=\"elementor-container elementor-column-gap-default\">\n\t\t\t\t\t<div class=\"elementor-column elementor-col-100 elementor-top-column elementor-element elementor-element-69b63eb\" data-id=\"69b63eb\" data-element_type=\"column\" data-e-type=\"column\">\n\t\t\t<div class=\"elementor-widget-wrap\">\n\t\t\t\t\t\t\t<\/div>\n\t\t<\/div>\n\t\t\t\t\t<\/div>\n\t\t<\/section>\n\t\t\t\t<\/div>\n\t\t","protected":false},"excerpt":{"rendered":"<p>Le projet Senior Activ&rsquo;\u200b Un partenariat europ\u00e9en : laboratoire et observatoire du bien-vieillir des seniors Le projet Senior Activ\u2019 repose sur un partenariat compos\u00e9 de&hellip;<\/p>\n","protected":false},"author":1,"featured_media":0,"parent":0,"menu_order":0,"comment_status":"closed","ping_status":"closed","template":"elementor_header_footer","meta":{"_tec_requires_first_save":true,"_EventAllDay":false,"_EventTimezone":"","_EventStartDate":"","_EventEndDate":"","_EventStartDateUTC":"","_EventEndDateUTC":"","_EventShowMap":false,"_EventShowMapLink":false,"_EventURL":"","_EventCost":"","_EventCostDescription":"","_EventCurrencySymbol":"","_EventCurrencyCode":"","_EventCurrencyPosition":"","_EventDateTimeSeparator":"","_EventTimeRangeSeparator":"","_EventOrganizerID":[],"_EventVenueID":[],"_OrganizerEmail":"","_OrganizerPhone":"","_OrganizerWebsite":"","_VenueAddress":"","_VenueCity":"","_VenueCountry":"","_VenueProvince":"","_VenueState":"","_VenueZip":"","_VenuePhone":"","_VenueURL":"","_VenueStateProvince":"","_VenueLat":"","_VenueLng":"","_VenueShowMap":false,"_VenueShowMapLink":false,"_tribe_blocks_recurrence_rules":"","_tribe_blocks_recurrence_description":"","_tribe_blocks_recurrence_exclusions":"","footnotes":""},"class_list":["post-163","page","type-page","status-publish","hentry"],"yoast_head":"<!-- This site is optimized with the Yoast SEO plugin v27.2 - https:\/\/yoast.com\/product\/yoast-seo-wordpress\/ -->\n<title>Le Projet - SeniorActiv<\/title>\n<meta name=\"robots\" content=\"index, follow, max-snippet:-1, max-image-preview:large, max-video-preview:-1\" \/>\n<link rel=\"canonical\" href=\"https:\/\/www.senioractiv.net\/fr\/le-projet\/\" \/>\n<meta property=\"og:locale\" content=\"fr_FR\" \/>\n<meta property=\"og:type\" content=\"article\" \/>\n<meta property=\"og:title\" content=\"Le Projet - SeniorActiv\" \/>\n<meta property=\"og:description\" content=\"Le projet Senior Activ&rsquo;\u200b Un partenariat europ\u00e9en : laboratoire et observatoire du bien-vieillir des seniors Le projet Senior Activ\u2019 repose sur un partenariat compos\u00e9 de&hellip;\" \/>\n<meta property=\"og:url\" content=\"https:\/\/www.senioractiv.net\/fr\/le-projet\/\" \/>\n<meta property=\"og:site_name\" content=\"SeniorActiv\" \/>\n<meta property=\"article:modified_time\" content=\"2022-11-14T14:06:58+00:00\" \/>\n<meta property=\"og:image\" content=\"https:\/\/www.senioractiv.net\/wp-content\/uploads\/2022\/09\/indoor-shot-of-fashionable-senior-woman-embraces-little-child-enjoy-spending-time-together-1024x682.jpg\" \/>\n<meta name=\"twitter:card\" content=\"summary_large_image\" \/>\n<meta name=\"twitter:label1\" content=\"Dur\u00e9e de lecture estim\u00e9e\" \/>\n\t<meta name=\"twitter:data1\" content=\"2 minutes\" \/>\n<script type=\"application\/ld+json\" class=\"yoast-schema-graph\">{\"@context\":\"https:\/\/schema.org\",\"@graph\":[{\"@type\":\"WebPage\",\"@id\":\"https:\/\/www.senioractiv.net\/fr\/le-projet\/\",\"url\":\"https:\/\/www.senioractiv.net\/fr\/le-projet\/\",\"name\":\"Le Projet - SeniorActiv\",\"isPartOf\":{\"@id\":\"https:\/\/www.senioractiv.net\/fr\/#website\"},\"primaryImageOfPage\":{\"@id\":\"https:\/\/www.senioractiv.net\/fr\/le-projet\/#primaryimage\"},\"image\":{\"@id\":\"https:\/\/www.senioractiv.net\/fr\/le-projet\/#primaryimage\"},\"thumbnailUrl\":\"https:\/\/www.senioractiv.net\/wp-content\/uploads\/2022\/09\/indoor-shot-of-fashionable-senior-woman-embraces-little-child-enjoy-spending-time-together-1024x682.jpg\",\"datePublished\":\"2022-06-15T06:54:58+00:00\",\"dateModified\":\"2022-11-14T14:06:58+00:00\",\"breadcrumb\":{\"@id\":\"https:\/\/www.senioractiv.net\/fr\/le-projet\/#breadcrumb\"},\"inLanguage\":\"fr-FR\",\"potentialAction\":[{\"@type\":\"ReadAction\",\"target\":[\"https:\/\/www.senioractiv.net\/fr\/le-projet\/\"]}]},{\"@type\":\"ImageObject\",\"inLanguage\":\"fr-FR\",\"@id\":\"https:\/\/www.senioractiv.net\/fr\/le-projet\/#primaryimage\",\"url\":\"https:\/\/www.senioractiv.net\/wp-content\/uploads\/2022\/09\/indoor-shot-of-fashionable-senior-woman-embraces-little-child-enjoy-spending-time-together-1024x682.jpg\",\"contentUrl\":\"https:\/\/www.senioractiv.net\/wp-content\/uploads\/2022\/09\/indoor-shot-of-fashionable-senior-woman-embraces-little-child-enjoy-spending-time-together-1024x682.jpg\"},{\"@type\":\"BreadcrumbList\",\"@id\":\"https:\/\/www.senioractiv.net\/fr\/le-projet\/#breadcrumb\",\"itemListElement\":[{\"@type\":\"ListItem\",\"position\":1,\"name\":\"Accueil\",\"item\":\"https:\/\/www.senioractiv.net\/fr\/\"},{\"@type\":\"ListItem\",\"position\":2,\"name\":\"Le Projet\"}]},{\"@type\":\"WebSite\",\"@id\":\"https:\/\/www.senioractiv.net\/fr\/#website\",\"url\":\"https:\/\/www.senioractiv.net\/fr\/\",\"name\":\"SeniorActiv\",\"description\":\"Le bien-vivre \u00e0 domicile des seniors\",\"publisher\":{\"@id\":\"https:\/\/www.senioractiv.net\/fr\/#organization\"},\"potentialAction\":[{\"@type\":\"SearchAction\",\"target\":{\"@type\":\"EntryPoint\",\"urlTemplate\":\"https:\/\/www.senioractiv.net\/fr\/?s={search_term_string}\"},\"query-input\":{\"@type\":\"PropertyValueSpecification\",\"valueRequired\":true,\"valueName\":\"search_term_string\"}}],\"inLanguage\":\"fr-FR\"},{\"@type\":\"Organization\",\"@id\":\"https:\/\/www.senioractiv.net\/fr\/#organization\",\"name\":\"SeniorActiv\",\"url\":\"https:\/\/www.senioractiv.net\/fr\/\",\"logo\":{\"@type\":\"ImageObject\",\"inLanguage\":\"fr-FR\",\"@id\":\"https:\/\/www.senioractiv.net\/fr\/#\/schema\/logo\/image\/\",\"url\":\"https:\/\/www.senioractiv.net\/wp-content\/uploads\/2022\/06\/Logo-SENIOR-Activ.png\",\"contentUrl\":\"https:\/\/www.senioractiv.net\/wp-content\/uploads\/2022\/06\/Logo-SENIOR-Activ.png\",\"width\":500,\"height\":397,\"caption\":\"SeniorActiv\"},\"image\":{\"@id\":\"https:\/\/www.senioractiv.net\/fr\/#\/schema\/logo\/image\/\"}}]}<\/script>\n<!-- \/ Yoast SEO plugin. -->","yoast_head_json":{"title":"Le Projet - SeniorActiv","robots":{"index":"index","follow":"follow","max-snippet":"max-snippet:-1","max-image-preview":"max-image-preview:large","max-video-preview":"max-video-preview:-1"},"canonical":"https:\/\/www.senioractiv.net\/fr\/le-projet\/","og_locale":"fr_FR","og_type":"article","og_title":"Le Projet - SeniorActiv","og_description":"Le projet Senior Activ&rsquo;\u200b Un partenariat europ\u00e9en : laboratoire et observatoire du bien-vieillir des seniors Le projet Senior Activ\u2019 repose sur un partenariat compos\u00e9 de&hellip;","og_url":"https:\/\/www.senioractiv.net\/fr\/le-projet\/","og_site_name":"SeniorActiv","article_modified_time":"2022-11-14T14:06:58+00:00","og_image":[{"url":"https:\/\/www.senioractiv.net\/wp-content\/uploads\/2022\/09\/indoor-shot-of-fashionable-senior-woman-embraces-little-child-enjoy-spending-time-together-1024x682.jpg","type":"","width":"","height":""}],"twitter_card":"summary_large_image","twitter_misc":{"Dur\u00e9e de lecture estim\u00e9e":"2 minutes"},"schema":{"@context":"https:\/\/schema.org","@graph":[{"@type":"WebPage","@id":"https:\/\/www.senioractiv.net\/fr\/le-projet\/","url":"https:\/\/www.senioractiv.net\/fr\/le-projet\/","name":"Le Projet - SeniorActiv","isPartOf":{"@id":"https:\/\/www.senioractiv.net\/fr\/#website"},"primaryImageOfPage":{"@id":"https:\/\/www.senioractiv.net\/fr\/le-projet\/#primaryimage"},"image":{"@id":"https:\/\/www.senioractiv.net\/fr\/le-projet\/#primaryimage"},"thumbnailUrl":"https:\/\/www.senioractiv.net\/wp-content\/uploads\/2022\/09\/indoor-shot-of-fashionable-senior-woman-embraces-little-child-enjoy-spending-time-together-1024x682.jpg","datePublished":"2022-06-15T06:54:58+00:00","dateModified":"2022-11-14T14:06:58+00:00","breadcrumb":{"@id":"https:\/\/www.senioractiv.net\/fr\/le-projet\/#breadcrumb"},"inLanguage":"fr-FR","potentialAction":[{"@type":"ReadAction","target":["https:\/\/www.senioractiv.net\/fr\/le-projet\/"]}]},{"@type":"ImageObject","inLanguage":"fr-FR","@id":"https:\/\/www.senioractiv.net\/fr\/le-projet\/#primaryimage","url":"https:\/\/www.senioractiv.net\/wp-content\/uploads\/2022\/09\/indoor-shot-of-fashionable-senior-woman-embraces-little-child-enjoy-spending-time-together-1024x682.jpg","contentUrl":"https:\/\/www.senioractiv.net\/wp-content\/uploads\/2022\/09\/indoor-shot-of-fashionable-senior-woman-embraces-little-child-enjoy-spending-time-together-1024x682.jpg"},{"@type":"BreadcrumbList","@id":"https:\/\/www.senioractiv.net\/fr\/le-projet\/#breadcrumb","itemListElement":[{"@type":"ListItem","position":1,"name":"Accueil","item":"https:\/\/www.senioractiv.net\/fr\/"},{"@type":"ListItem","position":2,"name":"Le Projet"}]},{"@type":"WebSite","@id":"https:\/\/www.senioractiv.net\/fr\/#website","url":"https:\/\/www.senioractiv.net\/fr\/","name":"SeniorActiv","description":"Le bien-vivre \u00e0 domicile des seniors","publisher":{"@id":"https:\/\/www.senioractiv.net\/fr\/#organization"},"potentialAction":[{"@type":"SearchAction","target":{"@type":"EntryPoint","urlTemplate":"https:\/\/www.senioractiv.net\/fr\/?s={search_term_string}"},"query-input":{"@type":"PropertyValueSpecification","valueRequired":true,"valueName":"search_term_string"}}],"inLanguage":"fr-FR"},{"@type":"Organization","@id":"https:\/\/www.senioractiv.net\/fr\/#organization","name":"SeniorActiv","url":"https:\/\/www.senioractiv.net\/fr\/","logo":{"@type":"ImageObject","inLanguage":"fr-FR","@id":"https:\/\/www.senioractiv.net\/fr\/#\/schema\/logo\/image\/","url":"https:\/\/www.senioractiv.net\/wp-content\/uploads\/2022\/06\/Logo-SENIOR-Activ.png","contentUrl":"https:\/\/www.senioractiv.net\/wp-content\/uploads\/2022\/06\/Logo-SENIOR-Activ.png","width":500,"height":397,"caption":"SeniorActiv"},"image":{"@id":"https:\/\/www.senioractiv.net\/fr\/#\/schema\/logo\/image\/"}}]}},"_links":{"self":[{"href":"https:\/\/www.senioractiv.net\/fr\/wp-json\/wp\/v2\/pages\/163","targetHints":{"allow":["GET"]}}],"collection":[{"href":"https:\/\/www.senioractiv.net\/fr\/wp-json\/wp\/v2\/pages"}],"about":[{"href":"https:\/\/www.senioractiv.net\/fr\/wp-json\/wp\/v2\/types\/page"}],"author":[{"embeddable":true,"href":"https:\/\/www.senioractiv.net\/fr\/wp-json\/wp\/v2\/users\/1"}],"replies":[{"embeddable":true,"href":"https:\/\/www.senioractiv.net\/fr\/wp-json\/wp\/v2\/comments?post=163"}],"version-history":[{"count":173,"href":"https:\/\/www.senioractiv.net\/fr\/wp-json\/wp\/v2\/pages\/163\/revisions"}],"predecessor-version":[{"id":1918,"href":"https:\/\/www.senioractiv.net\/fr\/wp-json\/wp\/v2\/pages\/163\/revisions\/1918"}],"wp:attachment":[{"href":"https:\/\/www.senioractiv.net\/fr\/wp-json\/wp\/v2\/media?parent=163"}],"curies":[{"name":"wp","href":"https:\/\/api.w.org\/{rel}","templated":true}]}}